{"id":415,"date":"2026-03-02T14:31:53","date_gmt":"2026-03-02T14:31:53","guid":{"rendered":"https:\/\/www.novemcapital.fr\/?page_id=415"},"modified":"2026-03-02T14:50:42","modified_gmt":"2026-03-02T14:50:42","slug":"trade","status":"publish","type":"page","link":"https:\/\/www.novemcapital.fr\/?page_id=415","title":{"rendered":"Trade"},"content":{"rendered":"<h2><b>Strategic Commodities &amp; Global Transaction Platform<\/b><\/h2>\n<p>&nbsp;<\/p>\n<p class=\"p1\">Notre groupe intervient sur les march\u00e9s internationaux des mati\u00e8res premi\u00e8res strat\u00e9giques et des actifs tangibles \u00e0 forte valeur patrimoniale, en structurant des op\u00e9rations \u00e0 dimension institutionnelle.<\/p>\n<p class=\"p1\">Nous op\u00e9rons en qualit\u00e9 de plateforme internationale de mise en relation et de structuration transactionnelle, d\u00e9di\u00e9e aux investisseurs, family offices, groupes industriels et contreparties qualifi\u00e9es.<\/p>\n<p class=\"p1\">Notre positionnement repose sur trois piliers fondamentaux :<\/p>\n<p class=\"p4\"><b>S\u00e9lection rigoureuse des partenaires<\/b><b><\/b><\/p>\n<p class=\"p1\">Nous travaillons exclusivement avec des contreparties pr\u00e9alablement qualifi\u00e9es, disposant de capacit\u00e9s financi\u00e8res v\u00e9rifi\u00e9es et d\u2019un cadre op\u00e9rationnel conforme aux standards internationaux.<\/p>\n<p class=\"p4\"><b>Structuration s\u00e9curis\u00e9e des op\u00e9rations<\/b><b><\/b><\/p>\n<p class=\"p1\">Chaque transaction est encadr\u00e9e par des m\u00e9canismes contractuels et financiers adapt\u00e9s : instruments bancaires documentaires, garanties de performance, proc\u00e9dures d\u2019inspection ind\u00e9pendantes, protection des honoraires et s\u00e9curisation des flux.<\/p>\n<p class=\"p4\"><b>Orchestration globale et coordination multi-parties<\/b><b><\/b><\/p>\n<p class=\"p1\">Nous assurons la coordination strat\u00e9gique entre d\u00e9tenteurs d\u2019allocations, producteurs, acheteurs finaux, institutions financi\u00e8res, conseils juridiques et interm\u00e9diaires mandat\u00e9s.<\/p>\n<p class=\"p1\">Notre r\u00f4le d\u00e9passe l\u2019interm\u00e9diation traditionnelle. Nous intervenons comme catalyseur de transactions complexes, en optimisant :<\/p>\n<ul>\n<li>\n<p class=\"p1\">la structuration financi\u00e8re,<\/p>\n<\/li>\n<li>\n<p class=\"p1\">la conformit\u00e9 r\u00e9glementaire,<\/p>\n<\/li>\n<li>\n<p class=\"p1\">la gestion du risque op\u00e9rationnel,<\/p>\n<\/li>\n<li>\n<p class=\"p1\">la fluidit\u00e9 des \u00e9changes documentaires et bancaires.<\/p>\n<\/li>\n<\/ul>\n<p>&nbsp;<\/p>\n<p class=\"p1\">Gr\u00e2ce \u00e0 un r\u00e9seau international consolid\u00e9, nous facilitons des op\u00e9rations transfrontali\u00e8res dans un environnement ma\u00eetris\u00e9, en veillant \u00e0 la discr\u00e9tion et \u00e0 la protection des int\u00e9r\u00eats de chaque partie.<\/p>\n<p class=\"p1\">Nous privil\u00e9gions une approche fond\u00e9e sur la transparence proc\u00e9durale, la tra\u00e7abilit\u00e9 documentaire et la coh\u00e9rence \u00e9conomique des op\u00e9rations pr\u00e9sent\u00e9es.<\/p>\n<p class=\"p1\">Notre plateforme est con\u00e7ue pour r\u00e9pondre aux exigences d\u2019acteurs institutionnels recherchant des solutions structur\u00e9es, s\u00e9curis\u00e9es et ex\u00e9cutables.<\/p>\n<p class=\"p1\">Nous nous engageons \u00e0 transformer des opportunit\u00e9s strat\u00e9giques en transactions concr\u00e8tes, dans un cadre rigoureux, professionnel et conforme aux standards internationaux.<\/p>\n<p class=\"p1\">N&rsquo;h\u00e9sitez pas \u00e0 nous contacter pour avoir plus d&rsquo;informations via le formulaire de contact ou par email \u00e0 pascal@novemcapital.fr ou raymond@novemcapital.fr<\/p>\n","protected":false},"excerpt":{"rendered":"<p>Strategic Commodities &amp; Global Transaction Platform &nbsp; Notre groupe intervient sur les march\u00e9s internationaux des mati\u00e8res premi\u00e8res strat\u00e9giques et des actifs tangibles \u00e0 forte valeur patrimoniale, en structurant des op\u00e9rations&#46;&#46;&#46;<\/p>\n","protected":false},"author":1,"featured_media":0,"parent":0,"menu_order":0,"comment_status":"closed","ping_status":"closed","template":"","meta":{"footnotes":""},"class_list":["post-415","page","type-page","status-publish","hentry"],"_links":{"self":[{"href":"https:\/\/www.novemcapital.fr\/index.php?rest_route=\/wp\/v2\/pages\/415","targetHints":{"allow":["GET"]}}],"collection":[{"href":"https:\/\/www.novemcapital.fr\/index.php?rest_route=\/wp\/v2\/pages"}],"about":[{"href":"https:\/\/www.novemcapital.fr\/index.php?rest_route=\/wp\/v2\/types\/page"}],"author":[{"embeddable":true,"href":"https:\/\/www.novemcapital.fr\/index.php?rest_route=\/wp\/v2\/users\/1"}],"replies":[{"embeddable":true,"href":"https:\/\/www.novemcapital.fr\/index.php?rest_route=%2Fwp%2Fv2%2Fcomments&post=415"}],"version-history":[{"count":5,"href":"https:\/\/www.novemcapital.fr\/index.php?rest_route=\/wp\/v2\/pages\/415\/revisions"}],"predecessor-version":[{"id":421,"href":"https:\/\/www.novemcapital.fr\/index.php?rest_route=\/wp\/v2\/pages\/415\/revisions\/421"}],"wp:attachment":[{"href":"https:\/\/www.novemcapital.fr\/index.php?rest_route=%2Fwp%2Fv2%2Fmedia&parent=415"}],"curies":[{"name":"wp","href":"https:\/\/api.w.org\/{rel}","templated":true}]}}