{"id":393,"date":"2020-07-02T14:07:56","date_gmt":"2020-07-02T14:07:56","guid":{"rendered":"http:\/\/pixelprime.co\/themes\/resideo-wp\/demo-1\/?page_id=10"},"modified":"2026-03-02T15:26:26","modified_gmt":"2026-03-02T15:26:26","slug":"home","status":"publish","type":"page","link":"https:\/\/www.novemcapital.fr\/","title":{"rendered":"Home"},"content":{"rendered":"\n                    <div class=\"container mt-100\">\n                        <h2 class=\"pxp-section-h2\">Nos biens immobiliers<\/h2>\n                        <p class=\"pxp-text-light\">Une s\u00e9lection de biens susceptibles de correspondre parfaitement \u00e0 vos attentes.<\/p>\n                        <div class=\"row mt-4 mt-md-5\">\n                <div class=\"col-sm-12 col-md-6 col-lg-4\">\n                    <a href=\"https:\/\/www.novemcapital.fr\/?property=awesome-interior-apartment\" class=\"pxp-prop-card-1 rounded-lg mb-4\">\n                        <div class=\"pxp-prop-card-1-fig pxp-cover\" style=\"background-image: url(https:\/\/www.novemcapital.fr\/wp-content\/uploads\/2020\/07\/prop-18-800x600.jpg);\"><\/div>\n                        <div class=\"pxp-prop-card-1-gradient pxp-animate\"><\/div>\n                        <div class=\"pxp-prop-card-1-details\">\n                            <div class=\"pxp-prop-card-1-details-title\">Awesome Interior Apartment<\/div>\n                            <div class=\"pxp-prop-card-1-details-price\">1,240,000\u20ac <span><\/span>\n                            <\/div>\n                            <div class=\"pxp-prop-card-1-details-features text-uppercase\">4 <span>|<\/span>2 <span>|<\/span>2600 \n                            <\/div>\n                        <\/div>\n                        <div class=\"pxp-prop-card-1-details-cta text-uppercase\">View Details<\/div>\n                    <\/a>\n                <\/div>\n                <div class=\"col-sm-12 col-md-6 col-lg-4\">\n                    <a href=\"https:\/\/www.novemcapital.fr\/?property=colorful-little-apartment\" class=\"pxp-prop-card-1 rounded-lg mb-4\">\n                        <div class=\"pxp-prop-card-1-fig pxp-cover\" style=\"background-image: url(https:\/\/www.novemcapital.fr\/wp-content\/uploads\/2020\/07\/prop-17-800x600.jpg);\"><\/div>\n                        <div class=\"pxp-prop-card-1-gradient pxp-animate\"><\/div>\n                        <div class=\"pxp-prop-card-1-details\">\n                            <div class=\"pxp-prop-card-1-details-title\">Colorful Little Apartment<\/div>\n                            <div class=\"pxp-prop-card-1-details-price\">2,675\u20ac <span>\/mo<\/span>\n                            <\/div>\n                            <div class=\"pxp-prop-card-1-details-features text-uppercase\">1 <span>|<\/span>1 <span>|<\/span>500 \n                            <\/div>\n                        <\/div>\n                        <div class=\"pxp-prop-card-1-details-cta text-uppercase\">View Details<\/div>\n                    <\/a>\n                <\/div>\n                <div class=\"col-sm-12 col-md-6 col-lg-4\">\n                    <a href=\"https:\/\/www.novemcapital.fr\/?property=remarkable-home-on-a-budget\" class=\"pxp-prop-card-1 rounded-lg mb-4\">\n                        <div class=\"pxp-prop-card-1-fig pxp-cover\" style=\"background-image: url(https:\/\/www.novemcapital.fr\/wp-content\/uploads\/2020\/07\/prop-19-800x600.jpg);\"><\/div>\n                        <div class=\"pxp-prop-card-1-gradient pxp-animate\"><\/div>\n                        <div class=\"pxp-prop-card-1-details\">\n                            <div class=\"pxp-prop-card-1-details-title\">Remarkable Home on a Budget<\/div>\n                            <div class=\"pxp-prop-card-1-details-price\">4,500\u20ac <span>\/mo<\/span>\n                            <\/div>\n                            <div class=\"pxp-prop-card-1-details-features text-uppercase\">2 <span>|<\/span>6 <span>|<\/span>2000 \n                            <\/div>\n                        <\/div>\n                        <div class=\"pxp-prop-card-1-details-cta text-uppercase\">View Details<\/div>\n                    <\/a>\n                <\/div>\n                <div class=\"col-sm-12 col-md-6 col-lg-4\">\n                    <a href=\"https:\/\/www.novemcapital.fr\/?property=wonderful-view-house\" class=\"pxp-prop-card-1 rounded-lg mb-4\">\n                        <div class=\"pxp-prop-card-1-fig pxp-cover\" style=\"background-image: url(https:\/\/www.novemcapital.fr\/wp-content\/uploads\/2020\/07\/prop-20-800x600.jpg);\"><\/div>\n                        <div class=\"pxp-prop-card-1-gradient pxp-animate\"><\/div>\n                        <div class=\"pxp-prop-card-1-details\">\n                            <div class=\"pxp-prop-card-1-details-title\">Wonderful View House<\/div>\n                            <div class=\"pxp-prop-card-1-details-price\">3,495,000\u20ac <span><\/span>\n                            <\/div>\n                            <div class=\"pxp-prop-card-1-details-features text-uppercase\">5 <span>|<\/span>4 <span>|<\/span>4816 \n                            <\/div>\n                        <\/div>\n                        <div class=\"pxp-prop-card-1-details-cta text-uppercase\">View Details<\/div>\n                    <\/a>\n                <\/div>\n                <div class=\"col-sm-12 col-md-6 col-lg-4\">\n                    <a href=\"https:\/\/www.novemcapital.fr\/?property=luxury-mansion\" class=\"pxp-prop-card-1 rounded-lg mb-4\">\n                        <div class=\"pxp-prop-card-1-fig pxp-cover\" style=\"background-image: url(https:\/\/www.novemcapital.fr\/wp-content\/uploads\/2020\/07\/prop-21-800x600.jpg);\"><\/div>\n                        <div class=\"pxp-prop-card-1-gradient pxp-animate\"><\/div>\n                        <div class=\"pxp-prop-card-1-details\">\n                            <div class=\"pxp-prop-card-1-details-title\">Luxury Mansion<\/div>\n                            <div class=\"pxp-prop-card-1-details-price\">5,430,000\u20ac <span><\/span>\n                            <\/div>\n                            <div class=\"pxp-prop-card-1-details-features text-uppercase\">4 <span>|<\/span>5 <span>|<\/span>5200 \n                            <\/div>\n                        <\/div>\n                        <div class=\"pxp-prop-card-1-details-cta text-uppercase\">View Details<\/div>\n                    <\/a>\n                <\/div>\n                <div class=\"col-sm-12 col-md-6 col-lg-4\">\n                    <a href=\"https:\/\/www.novemcapital.fr\/?property=modern-residence\" class=\"pxp-prop-card-1 rounded-lg mb-4\">\n                        <div class=\"pxp-prop-card-1-fig pxp-cover\" style=\"background-image: url(https:\/\/www.novemcapital.fr\/wp-content\/uploads\/2020\/07\/prop-22-800x600.jpg);\"><\/div>\n                        <div class=\"pxp-prop-card-1-gradient pxp-animate\"><\/div>\n                        <div class=\"pxp-prop-card-1-details\">\n                            <div class=\"pxp-prop-card-1-details-title\">Modern Residence<\/div>\n                            <div class=\"pxp-prop-card-1-details-price\">7,995\u20ac <span>\/mo<\/span>\n                            <\/div>\n                            <div class=\"pxp-prop-card-1-details-features text-uppercase\">4 <span>|<\/span>2 <span>|<\/span>2240 \n                            <\/div>\n                        <\/div>\n                        <div class=\"pxp-prop-card-1-details-cta text-uppercase\">View Details<\/div>\n                    <\/a>\n                <\/div><\/div>\n                            <a href=\"https:\/\/www.novemcapital.fr\/?page_id=20\" class=\"pxp-primary-cta text-uppercase mt-2 mt-md-3 mt-lg-5 pxp-animate\" id=\"cta-69ddd63903a79\" style=\"color: \">Voir tous les biens<\/a>\n                            <style>.pxp-primary-cta#cta-69ddd63903a79:after { border-top: 2px solid ; }<\/style><\/div>\n<div class=\"pt-100 pb-100 position-relative mt-100\">\n                        <div class=\"pxp-services-c pxp-cover\" style=\"background-image: url(https:\/\/www.novemcapital.fr\/wp-content\/uploads\/2020\/07\/services-c-fig-2-1920x1280.jpg);\"><\/div>\n                        <div class=\"pxp-services-c-content\">\n                            <div class=\"pxp-services-c-intro\">\n                                <h2 class=\"pxp-section-h2\" style=\"color: \">Pourquoi Novem Capital.<\/h2>\n                                <p class=\"pxp-text-light\" style=\"color: \">Nous vous offrons une multitude de services, immobiliers, et de trading International<\/p><a href=\"https:\/\/www.novemcapital.fr\/?page_id=197\" class=\"pxp-primary-cta text-uppercase mt-2 mt-md-3 mt-lg-5 pxp-animate\" id=\"cta-69ddd6390596a\" style=\"color: \">Nous contacter<\/a><\/div>\n                            <div class=\"pxp-services-c-container mt-4 mt-md-5 mt-lg-0\">\n                                <div class=\"owl-carousel pxp-services-c-stage\"><div><a href=\"https:\/\/www.novemcapital.fr\/?page_id=20\" class=\"pxp-services-c-item\"><div class=\"pxp-services-c-item-fig\"><img decoding=\"async\" src=\"https:\/\/www.novemcapital.fr\/wp-content\/uploads\/2020\/07\/services-1-white.png\" alt=\"Trouvez votre futur bien\" \/><\/div>\n                                            <div class=\"pxp-services-c-item-text text-center\">\n                                                <div class=\"pxp-services-c-item-text-title\">Trouvez votre futur bien<\/div>\n                                                <div class=\"pxp-services-c-item-text-sub\">Nous vous aidons \u00e0 rechercher le bien qui vous correspond<\/div>\n                                            <\/div>\n                                            <div class=\"pxp-services-c-item-cta text-uppercase text-center\" style=\"color: undefined\">Voir les biens<\/div>\n                                        <\/a>\n                                    <\/div><div><a href=\"https:\/\/www.novemcapital.fr\/?page_id=415\" class=\"pxp-services-c-item\"><div class=\"pxp-services-c-item-fig\"><img decoding=\"async\" src=\"https:\/\/www.novemcapital.fr\/wp-content\/uploads\/2020\/07\/services-2-white.png\" alt=\"Trade\" \/><\/div>\n                                            <div class=\"pxp-services-c-item-text text-center\">\n                                                <div class=\"pxp-services-c-item-text-title\">Trade<\/div>\n                                                <div class=\"pxp-services-c-item-text-sub\">Global Transaction Platform<\/div>\n                                            <\/div>\n                                            <div class=\"pxp-services-c-item-cta text-uppercase text-center\" style=\"color: undefined\">Learn more<\/div>\n                                        <\/a>\n                                    <\/div><\/div>\n                            <\/div>\n                        <\/div>\n                    <\/div>\n<p>&nbsp;<\/p>\n<div class=\"pxp-cta-1 pxp-cover mt-100 pt-200 pb-200\" style=\"background-image: url(https:\/\/www.novemcapital.fr\/wp-content\/uploads\/2020\/07\/cta-fig-3.jpg)\">\n                        <div class=\"container\">\n                            <div class=\"row justify-content-center\">\n                                <div class=\"col-sm-12 col-md-6 col-lg-4\">\n                                    <div class=\"pxp-cta-1-caption pxp-animate-in\">\n                                        <h2 class=\"pxp-section-h2\">Orchestration globale et coordination multi-parties<\/h2>\n                                        <p class=\"pxp-text-light\">Nous assurons la coordination strat\u00e9gique entre d\u00e9tenteurs d\u2019allocations, producteurs, acheteurs finaux, institutions financi\u00e8res, conseils juridiques et interm\u00e9diaires mandat\u00e9s.<\/p><a href=\"https:\/\/www.novemcapital.fr\/?page_id=197\" class=\"pxp-primary-cta text-uppercase mt-3 mt-md-5 pxp-animate\" id=\"cta-69ddd63906139\" style=\"color: \">Nous contacter<\/a>\n                                        <style>.pxp-primary-cta#cta-69ddd63906139:after { border-top: 2px solid ; }<\/style><\/div>\n                                <\/div>\n                            <\/div>\n                        <\/div>\n                    <\/div>\n","protected":false},"excerpt":{"rendered":"<p>&nbsp;<\/p>\n","protected":false},"author":1,"featured_media":0,"parent":0,"menu_order":0,"comment_status":"closed","ping_status":"closed","template":"fullwidth.php","meta":{"footnotes":""},"class_list":["post-393","page","type-page","status-publish","hentry"],"_links":{"self":[{"href":"https:\/\/www.novemcapital.fr\/index.php?rest_route=\/wp\/v2\/pages\/393","targetHints":{"allow":["GET"]}}],"collection":[{"href":"https:\/\/www.novemcapital.fr\/index.php?rest_route=\/wp\/v2\/pages"}],"about":[{"href":"https:\/\/www.novemcapital.fr\/index.php?rest_route=\/wp\/v2\/types\/page"}],"author":[{"embeddable":true,"href":"https:\/\/www.novemcapital.fr\/index.php?rest_route=\/wp\/v2\/users\/1"}],"replies":[{"embeddable":true,"href":"https:\/\/www.novemcapital.fr\/index.php?rest_route=%2Fwp%2Fv2%2Fcomments&post=393"}],"version-history":[{"count":5,"href":"https:\/\/www.novemcapital.fr\/index.php?rest_route=\/wp\/v2\/pages\/393\/revisions"}],"predecessor-version":[{"id":428,"href":"https:\/\/www.novemcapital.fr\/index.php?rest_route=\/wp\/v2\/pages\/393\/revisions\/428"}],"wp:attachment":[{"href":"https:\/\/www.novemcapital.fr\/index.php?rest_route=%2Fwp%2Fv2%2Fmedia&parent=393"}],"curies":[{"name":"wp","href":"https:\/\/api.w.org\/{rel}","templated":true}]}}