{"id":197,"date":"2020-07-07T15:31:28","date_gmt":"2020-07-07T15:31:28","guid":{"rendered":"http:\/\/pixelprime.co\/themes\/resideo-wp\/demo-1\/?page_id=197"},"modified":"2026-04-02T15:54:22","modified_gmt":"2026-04-02T15:54:22","slug":"contact-us","status":"publish","type":"page","link":"https:\/\/www.novemcapital.fr\/?page_id=197","title":{"rendered":"Nous contacter"},"content":{"rendered":"<h2><b>Contact<\/b><\/h2>\n<p>&nbsp;<\/p>\n<p class=\"p1\">Chaque op\u00e9ration strat\u00e9gique m\u00e9rite une analyse pr\u00e9cise, une structuration rigoureuse et un cadre d\u2019ex\u00e9cution ma\u00eetris\u00e9.<\/p>\n<p class=\"p1\">Que votre d\u00e9marche concerne une transaction immobili\u00e8re \u2014 acquisition, cession, investissement, recherche d\u2019actifs \u2014 ou une op\u00e9ration de n\u00e9goce international sur des march\u00e9s strat\u00e9giques, notre \u00e9quipe intervient avec m\u00e9thode, confidentialit\u00e9 et exigence.<\/p>\n<p class=\"p1\">Nous accompagnons investisseurs, propri\u00e9taires, op\u00e9rateurs et contreparties qualifi\u00e9es dans la mise en relation, la structuration et la coordination d\u2019op\u00e9rations \u00e0 forte valeur ajout\u00e9e.<\/p>\n<p class=\"p1\">Notre r\u00f4le ne se limite pas \u00e0 l\u2019interm\u00e9diation :<\/p>\n<p class=\"p1\">nous analysons la coh\u00e9rence \u00e9conomique des projets, v\u00e9rifions les capacit\u00e9s des parties, encadrons les processus contractuels et facilitons la convergence des int\u00e9r\u00eats dans un environnement s\u00e9curis\u00e9.<\/p>\n<h3><b>Transmettez-nous les \u00e9l\u00e9ments cl\u00e9s de votre projet :<\/b><\/h3>\n<ul>\n<li>\n<p class=\"p1\">Nature de l\u2019op\u00e9ration (immobili\u00e8re ou transactionnelle)<\/p>\n<\/li>\n<li>\n<p class=\"p1\">Localisation ou zone g\u00e9ographique concern\u00e9e<\/p>\n<\/li>\n<li>\n<p class=\"p1\">Budget, volume ou fourchette indicative<\/p>\n<\/li>\n<li>\n<p class=\"p1\">Statut (investisseur, vendeur, mandataire, acqu\u00e9reur, op\u00e9rateur)<\/p>\n<\/li>\n<li>\n<p class=\"p1\">Coordonn\u00e9es compl\u00e8tes<\/p>\n<\/li>\n<\/ul>\n<p>&nbsp;<\/p>\n<p class=\"p1\">Ces informations nous permettent d\u2019\u00e9valuer la pertinence de la demande et d\u2019assurer un traitement professionnel et confidentiel.<\/p>\n<h3><b>Confidentialit\u00e9 &amp; S\u00e9lectivit\u00e9<\/b><\/h3>\n<p>&nbsp;<\/p>\n<p class=\"p1\">Nous privil\u00e9gions des collaborations structur\u00e9es avec des interlocuteurs qualifi\u00e9s.<\/p>\n<p class=\"p1\">Chaque prise de contact est analys\u00e9e avec rigueur afin de garantir un alignement strat\u00e9gique et op\u00e9rationnel.<\/p>\n<p class=\"p1\">Les informations transmises sont trait\u00e9es avec la plus stricte confidentialit\u00e9.<\/p>\n<p>&nbsp;<\/p>\n<p class=\"p4\"><b>Notre engagement : transformer une intention en op\u00e9ration concr\u00e8te, dans un cadre structur\u00e9 et ma\u00eetris\u00e9.<\/b><b><\/b><\/p>\n","protected":false},"excerpt":{"rendered":"<p>Contact &nbsp; Chaque op\u00e9ration strat\u00e9gique m\u00e9rite une analyse pr\u00e9cise, une structuration rigoureuse et un cadre d\u2019ex\u00e9cution ma\u00eetris\u00e9. Que votre d\u00e9marche concerne une transaction immobili\u00e8re \u2014 acquisition, cession, investissement, recherche d\u2019actifs&#46;&#46;&#46;<\/p>\n","protected":false},"author":1,"featured_media":316,"parent":0,"menu_order":0,"comment_status":"closed","ping_status":"closed","template":"contact-page.php","meta":{"footnotes":""},"class_list":["post-197","page","type-page","status-publish","has-post-thumbnail","hentry"],"_links":{"self":[{"href":"https:\/\/www.novemcapital.fr\/index.php?rest_route=\/wp\/v2\/pages\/197","targetHints":{"allow":["GET"]}}],"collection":[{"href":"https:\/\/www.novemcapital.fr\/index.php?rest_route=\/wp\/v2\/pages"}],"about":[{"href":"https:\/\/www.novemcapital.fr\/index.php?rest_route=\/wp\/v2\/types\/page"}],"author":[{"embeddable":true,"href":"https:\/\/www.novemcapital.fr\/index.php?rest_route=\/wp\/v2\/users\/1"}],"replies":[{"embeddable":true,"href":"https:\/\/www.novemcapital.fr\/index.php?rest_route=%2Fwp%2Fv2%2Fcomments&post=197"}],"version-history":[{"count":5,"href":"https:\/\/www.novemcapital.fr\/index.php?rest_route=\/wp\/v2\/pages\/197\/revisions"}],"predecessor-version":[{"id":446,"href":"https:\/\/www.novemcapital.fr\/index.php?rest_route=\/wp\/v2\/pages\/197\/revisions\/446"}],"wp:featuredmedia":[{"embeddable":true,"href":"https:\/\/www.novemcapital.fr\/index.php?rest_route=\/wp\/v2\/media\/316"}],"wp:attachment":[{"href":"https:\/\/www.novemcapital.fr\/index.php?rest_route=%2Fwp%2Fv2%2Fmedia&parent=197"}],"curies":[{"name":"wp","href":"https:\/\/api.w.org\/{rel}","templated":true}]}}